{"id":1755,"date":"2025-08-05T00:17:46","date_gmt":"2025-08-05T00:17:46","guid":{"rendered":"https:\/\/koaconnexio.com\/?page_id=1755"},"modified":"2026-02-01T15:18:05","modified_gmt":"2026-02-01T15:18:05","slug":"politica-de-privacitat","status":"publish","type":"page","link":"https:\/\/koaconnexio.com\/es\/politica-de-privacitat\/","title":{"rendered":"Pol\u00edtica de Privacidad"},"content":{"rendered":"<div data-elementor-type=\"wp-page\" data-elementor-id=\"1755\" class=\"elementor elementor-1755\">\n\t\t\t\t<div class=\"elementor-element elementor-element-51969dbe e-flex e-con-boxed e-con e-parent\" data-id=\"51969dbe\" data-element_type=\"container\" data-e-type=\"container\" data-settings=\"{&quot;background_background&quot;:&quot;gradient&quot;,&quot;shape_divider_bottom&quot;:&quot;waves&quot;}\">\n\t\t\t\t\t<div class=\"e-con-inner\">\n\t\t\t\t<div class=\"elementor-shape elementor-shape-bottom\" aria-hidden=\"true\" data-negative=\"false\">\n\t\t\t<svg xmlns=\"http:\/\/www.w3.org\/2000\/svg\" viewbox=\"0 0 1000 100\" preserveaspectratio=\"none\">\n\t<path class=\"elementor-shape-fill\" d=\"M421.9,6.5c22.6-2.5,51.5,0.4,75.5,5.3c23.6,4.9,70.9,23.5,100.5,35.7c75.8,32.2,133.7,44.5,192.6,49.7\tc23.6,2.1,48.7,3.5,103.4-2.5c54.7-6,106.2-25.6,106.2-25.6V0H0v30.3c0,0,72,32.6,158.4,30.5c39.2-0.7,92.8-6.7,134-22.4\tc21.2-8.1,52.2-18.2,79.7-24.2C399.3,7.9,411.6,7.5,421.9,6.5z\"\/>\n<\/svg>\t\t<\/div>\n\t\t\t\t<div class=\"elementor-element elementor-element-7a72276a elementor-widget elementor-widget-heading\" data-id=\"7a72276a\" data-element_type=\"widget\" data-e-type=\"widget\" data-widget_type=\"heading.default\">\n\t\t\t\t\t<h1 class=\"elementor-heading-title elementor-size-default\">Pol\u00edtica de Privacidad<\/h1>\t\t\t\t<\/div>\n\t\t\t\t\t<\/div>\n\t\t\t\t<\/div>\n\t\t<div class=\"elementor-element elementor-element-e4ac63a e-flex e-con-boxed e-con e-parent\" data-id=\"e4ac63a\" data-element_type=\"container\" data-e-type=\"container\">\n\t\t\t\t\t<div class=\"e-con-inner\">\n\t\t\t\t<div class=\"elementor-element elementor-element-e863897 elementor-align-center elementor-widget elementor-widget-button\" data-id=\"e863897\" data-element_type=\"widget\" data-e-type=\"widget\" data-widget_type=\"button.default\">\n\t\t\t\t\t\t\t\t\t\t<a class=\"elementor-button elementor-button-link elementor-size-sm\" href=\"https:\/\/koaconnexio.com\/es\/politica-de-privacidad-es\/\">\n\t\t\t\t\t\t<span class=\"elementor-button-content-wrapper\">\n\t\t\t\t\t\t\t\t\t<span class=\"elementor-button-text\">Anar a la versi\u00f3 en castell\u00e0<\/span>\n\t\t\t\t\t<\/span>\n\t\t\t\t\t<\/a>\n\t\t\t\t\t\t\t\t<\/div>\n\t\t\t\t\t<\/div>\n\t\t\t\t<\/div>\n\t\t<div class=\"elementor-element elementor-element-f7f79f8 e-con-full e-flex e-con e-parent\" data-id=\"f7f79f8\" data-element_type=\"container\" data-e-type=\"container\">\n\t\t<div class=\"elementor-element elementor-element-a344534 e-con-full e-flex e-con e-child\" data-id=\"a344534\" data-element_type=\"container\" data-e-type=\"container\">\n\t\t\t\t<div class=\"elementor-element elementor-element-0081328 elementor-widget elementor-widget-text-editor\" data-id=\"0081328\" data-element_type=\"widget\" data-e-type=\"widget\" data-widget_type=\"text-editor.default\">\n\t\t\t\t\t\t\t\t\t<p>KOA CONSULTING CORP., S.L. (d\u2019ara endavant, &#8220;KOA Connexi\u00f3&#8221;) es compromet a protegir la confidencialitat i la privacitat de les dades personals que li s\u00f3n confiades, de conformitat amb el Reglament (UE) 2016\/679 (Reglament General de Protecci\u00f3 de Dades, RGPD), la Llei Org\u00e0nica 3\/2018 i la resta de normativa aplicable.<\/p><p><span style=\"color: #0000ff;\"><strong>1. INFORMACI\u00d3 B\u00c0SICA SOBRE PROTECCI\u00d3 DE DADES<\/strong><\/span><\/p><ul><li><p><span style=\"color: #0000ff;\"><strong>Responsable del tractament:<\/strong><\/span> KOA CONSULTING CORP., S.L. (NIF: B67726075)<\/p><\/li><li><p><span style=\"color: #0000ff;\"><strong>Domicili:<\/strong><\/span> C\/ Emilia Coranty (D&#8217;), 5-9, 08018, Barcelona<\/p><\/li><li><p><span style=\"color: #0000ff;\"><strong>Tel\u00e8fon:<\/strong><\/span> +34 936 05 95 37<\/p><\/li><li><p><span style=\"color: #0000ff;\"><strong>Correu electr\u00f2nic de contacte:<\/strong><\/span> <a href=\"mailto:info@koaconnexio.com\">info@koaconnexio.com<\/a><\/p><\/li><li><p><span style=\"color: #0000ff;\"><strong>Finalitats:<\/strong><\/span> Atendre sol\u00b7licituds de contacte i prestar serveis d\u2019assessorament legal i gesti\u00f3 administrativa.<\/p><\/li><li><p><span style=\"color: #0000ff;\"><strong>Legitimaci\u00f3:<\/strong><\/span> Consentiment de l\u2019interessat i inter\u00e8s leg\u00edtim.<\/p><\/li><li><p><span style=\"color: #0000ff;\"><strong>Destinataris:<\/strong><\/span> No es comuniquen dades a tercers, excepte obligaci\u00f3 legal o prestadors de serveis necessaris.<\/p><\/li><li><p><span style=\"color: #0000ff;\"><strong>Drets:<\/strong><\/span> Acc\u00e9s, rectificaci\u00f3, supressi\u00f3, oposici\u00f3, limitaci\u00f3 del tractament i portabilitat.<\/p><\/li><\/ul><p><span style=\"color: #0000ff;\"><strong>2. INFORMACI\u00d3 ADDICIONAL SOBRE PROTECCI\u00d3 DE DADES<\/strong><\/span><\/p><p><span style=\"color: #0000ff;\"><strong>2.1. Amb quina finalitat tractem les vostres dades personals?<\/strong><\/span><\/p><p>KOA Connexi\u00f3 tractar\u00e0 les dades amb les finalitats seg\u00fcents:<\/p><ul><li><p>Gestionar sol\u00b7licituds realitzades mitjan\u00e7ant el formulari de contacte.<\/p><\/li><li><p>Atendre requeriments d\u2019informaci\u00f3 o pressupostos.<\/p><\/li><li><p>Comunicacions relacionades amb l\u2019activitat professional.<\/p><\/li><li><p>An\u00e0lisi estad\u00edstica de la navegaci\u00f3 a la web (Google Analytics).<\/p><\/li><\/ul><p><span style=\"color: #0000ff;\"><strong>2.2. Durant quant de temps conservarem les dades?<\/strong><\/span><\/p><p>Les dades es conservaran durant el temps estrictament necessari per complir la finalitat per a la qual van ser recollides i per complir amb les obligacions legals.<\/p><p><span style=\"color: #0000ff;\"><strong>2.3. Quina \u00e9s la base legal per al tractament de les dades?<\/strong><\/span><\/p><ul><li><p>Consentiment expr\u00e9s de l\u2019usuari.<\/p><\/li><li><p>Inter\u00e8s leg\u00edtim per enviar informaci\u00f3 relacionada amb els nostres serveis.<\/p><\/li><\/ul><p><span style=\"color: #0000ff;\"><strong>2.4. A quins destinataris es comunicaran les dades?<\/strong><\/span><\/p><ul><li><p>Prestadors de serveis contractats per KOA Connexi\u00f3, que actuen com a encarregats del tractament.<\/p><\/li><li><p>Administracions i organismes p\u00fablics quan aix\u00ed ho exigeixi la normativa.<\/p><\/li><\/ul><p><span style=\"color: #0000ff;\"><strong>2.5. Transfer\u00e8ncies internacionals de dades<\/strong><\/span><\/p><p>No es realitzen transfer\u00e8ncies internacionals de dades. En cas d\u2019utilitzar eines de tercers que impliquin aquestes transfer\u00e8ncies (com Google), aquestes es regiran per les seves pr\u00f2pies pol\u00edtiques de privacitat i per les garanties establertes pel RGPD.<\/p><p><span style=\"color: #0000ff;\"><strong>2.6. Quins s\u00f3n els vostres drets?<\/strong><\/span><\/p><p>Podeu exercir els vostres drets d\u2019acc\u00e9s, rectificaci\u00f3, supressi\u00f3, oposici\u00f3, portabilitat i limitaci\u00f3 del tractament mitjan\u00e7ant una sol\u00b7licitud escrita adre\u00e7ada a:<\/p><p>KOA CONSULTING CORP., S.L.<br \/>Pla\u00e7a de Tetuan, 38, 08010 Barcelona<br \/><a href=\"mailto:info@koaconnexio.com\">info@koaconnexio.com<\/a><\/p><p>Adjunteu una c\u00f2pia del DNI o document identificatiu.<\/p><p>Si considereu que les vostres dades personals no han estat tractades adequadament, podeu presentar una reclamaci\u00f3 davant l\u2019Ag\u00e8ncia Espanyola de Protecci\u00f3 de Dades: <a href=\"http:\/\/www.aepd.es\/\">www.aepd.es<\/a><\/p><p><span style=\"color: #0000ff;\"><strong>3. SEGURETAT DE LES DADES<\/strong><\/span><\/p><p>KOA Connexi\u00f3 aplica les mesures t\u00e8cniques i organitzatives adequades per garantir la seguretat de les dades personals i evitar-ne l\u2019alteraci\u00f3, p\u00e8rdua, tractament o acc\u00e9s no autoritzat, de conformitat amb la normativa vigent.<\/p><p><span style=\"color: #0000ff;\"><strong>4. ACTUALITZACI\u00d3 DE LA POL\u00cdTICA<\/strong><\/span><\/p><p>KOA Connexi\u00f3 podr\u00e0 modificar aquesta Pol\u00edtica de Privacitat per adaptar-la a noves exig\u00e8ncies legals o jurisprudencials. Qualsevol canvi ser\u00e0 degudament anunciat al Portal.<\/p>\t\t\t\t\t\t\t\t<\/div>\n\t\t\t\t<\/div>\n\t\t<div class=\"elementor-element elementor-element-f362299 e-con-full e-flex e-con e-child\" data-id=\"f362299\" data-element_type=\"container\" data-e-type=\"container\">\n\t\t<div class=\"elementor-element elementor-element-a3a5d4a e-con-full e-flex e-con e-child\" data-id=\"a3a5d4a\" data-element_type=\"container\" data-e-type=\"container\" data-settings=\"{&quot;shape_divider_bottom&quot;:&quot;waves&quot;}\">\n\t\t\t\t<div class=\"elementor-shape elementor-shape-bottom\" aria-hidden=\"true\" data-negative=\"false\">\n\t\t\t<svg xmlns=\"http:\/\/www.w3.org\/2000\/svg\" viewbox=\"0 0 1000 100\" preserveaspectratio=\"none\">\n\t<path class=\"elementor-shape-fill\" d=\"M421.9,6.5c22.6-2.5,51.5,0.4,75.5,5.3c23.6,4.9,70.9,23.5,100.5,35.7c75.8,32.2,133.7,44.5,192.6,49.7\tc23.6,2.1,48.7,3.5,103.4-2.5c54.7-6,106.2-25.6,106.2-25.6V0H0v30.3c0,0,72,32.6,158.4,30.5c39.2-0.7,92.8-6.7,134-22.4\tc21.2-8.1,52.2-18.2,79.7-24.2C399.3,7.9,411.6,7.5,421.9,6.5z\"\/>\n<\/svg>\t\t<\/div>\n\t\t\t\t<div class=\"elementor-element elementor-element-ecbfc5e elementor-widget elementor-widget-wp-widget-nav_menu\" data-id=\"ecbfc5e\" data-element_type=\"widget\" data-e-type=\"widget\" data-widget_type=\"wp-widget-nav_menu.default\">\n\t\t\t\t<div class=\"elementor-widget-container\">\n\t\t\t\t\t<h5>Pol\u00edticas<\/h5><nav class=\"menu-politicas-container\" aria-label=\"Pol\u00edticas\"><ul id=\"menu-politicas\" class=\"menu\"><li id=\"menu-item-1708\" class=\"menu-item menu-item-type-post_type menu-item-object-page menu-item-1708\"><a href=\"https:\/\/koaconnexio.com\/es\/politica-de-cookies\/\">Pol\u00edtica de Cookies<\/a><\/li>\n<li id=\"menu-item-1790\" class=\"menu-item menu-item-type-post_type menu-item-object-page menu-item-privacy-policy menu-item-1790\"><a rel=\"privacy-policy\" href=\"https:\/\/koaconnexio.com\/es\/politica-de-privacitat\/\">Pol\u00edtica de Privacidad<\/a><\/li>\n<li id=\"menu-item-1791\" class=\"menu-item menu-item-type-post_type menu-item-object-page menu-item-1791\"><a href=\"https:\/\/koaconnexio.com\/es\/avis-legal\/\">Aviso Legal<\/a><\/li>\n<\/ul><\/nav>\t\t\t\t<\/div>\n\t\t\t\t<\/div>\n\t\t\t\t<\/div>\n\t\t\t\t<\/div>\n\t\t\t\t<\/div>\n\t\t\t\t<\/div>","protected":false},"excerpt":{"rendered":"<p>Pol\u00edtica de Privacitat Anar a la versi\u00f3 en castell\u00e0 KOA CONSULTING CORP., S.L. (d\u2019ara endavant, &#8220;KOA Connexi\u00f3&#8221;) es compromet a protegir la confidencialitat i la privacitat de les dades personals que li s\u00f3n confiades, de conformitat amb el Reglament (UE) 2016\/679 (Reglament General de Protecci\u00f3 de Dades, RGPD), la Llei Org\u00e0nica 3\/2018 i la resta [&hellip;]<\/p>\n","protected":false},"author":1,"featured_media":0,"parent":0,"menu_order":0,"comment_status":"closed","ping_status":"closed","template":"elementor_header_footer","meta":{"footnotes":""},"class_list":["post-1755","page","type-page","status-publish","hentry"],"_links":{"self":[{"href":"https:\/\/koaconnexio.com\/es\/wp-json\/wp\/v2\/pages\/1755","targetHints":{"allow":["GET"]}}],"collection":[{"href":"https:\/\/koaconnexio.com\/es\/wp-json\/wp\/v2\/pages"}],"about":[{"href":"https:\/\/koaconnexio.com\/es\/wp-json\/wp\/v2\/types\/page"}],"author":[{"embeddable":true,"href":"https:\/\/koaconnexio.com\/es\/wp-json\/wp\/v2\/users\/1"}],"replies":[{"embeddable":true,"href":"https:\/\/koaconnexio.com\/es\/wp-json\/wp\/v2\/comments?post=1755"}],"version-history":[{"count":19,"href":"https:\/\/koaconnexio.com\/es\/wp-json\/wp\/v2\/pages\/1755\/revisions"}],"predecessor-version":[{"id":2261,"href":"https:\/\/koaconnexio.com\/es\/wp-json\/wp\/v2\/pages\/1755\/revisions\/2261"}],"wp:attachment":[{"href":"https:\/\/koaconnexio.com\/es\/wp-json\/wp\/v2\/media?parent=1755"}],"curies":[{"name":"wp","href":"https:\/\/api.w.org\/{rel}","templated":true}]}}